{"id":3349,"date":"2021-06-30T18:22:37","date_gmt":"2021-06-30T18:22:37","guid":{"rendered":"https:\/\/rachum.ca\/crchum2021\/?page_id=3349"},"modified":"2021-09-03T12:55:34","modified_gmt":"2021-09-03T12:55:34","slug":"accueil","status":"publish","type":"page","link":"https:\/\/rachum.ca\/crchum2021\/","title":{"rendered":"Accueil"},"content":{"rendered":"[mk_page_section bg_color=\u00a0\u00bb#ffffff\u00a0\u00bb bg_position=\u00a0\u00bbcenter center\u00a0\u00bb bg_repeat=\u00a0\u00bbno-repeat\u00a0\u00bb bg_stretch=\u00a0\u00bbtrue\u00a0\u00bb min_height=\u00a0\u00bb0&Prime; full_width=\u00a0\u00bbtrue\u00a0\u00bb padding_top=\u00a0\u00bb0&Prime; padding_bottom=\u00a0\u00bb0&Prime; visibility=\u00a0\u00bbhidden-sm\u00a0\u00bb sidebar=\u00a0\u00bbsidebar-1&Prime;][vc_column][mk_revslider id=\u00a0\u00bbaccueil-2021&Prime;][\/vc_column][\/mk_page_section][vc_row fullwidth=\u00a0\u00bbtrue\u00a0\u00bb visibility=\u00a0\u00bbvisible-sm\u00a0\u00bb css=\u00a0\u00bb.vc_custom_1598363849418{padding-right: 0px !important;padding-left: 0px !important;}\u00a0\u00bb][vc_column css=\u00a0\u00bb.vc_custom_1598018856243{margin-top: 0px !important;margin-right: 0px !important;margin-bottom: 0px !important;margin-left: 0px !important;padding-top: 0px !important;padding-right: 0px !important;padding-bottom: 0px !important;padding-left: 0px !important;}\u00a0\u00bb][vc_empty_space height=\u00a0\u00bb25px\u00a0\u00bb][mk_revslider id=\u00a0\u00bbaccueil-mobile-2021&Prime;][\/vc_column][\/vc_row]\n","protected":false},"excerpt":{"rendered":"<p>[mk_page_section bg_color=\u00a0\u00bb#ffffff\u00a0\u00bb bg_position=\u00a0\u00bbcenter center\u00a0\u00bb bg_repeat=\u00a0\u00bbno-repeat\u00a0\u00bb bg_stretch=\u00a0\u00bbtrue\u00a0\u00bb min_height=\u00a0\u00bb0&Prime; full_width=\u00a0\u00bbtrue\u00a0\u00bb padding_top=\u00a0\u00bb0&Prime; padding_bottom=\u00a0\u00bb0&Prime; visibility=\u00a0\u00bbhidden-sm\u00a0\u00bb sidebar=\u00a0\u00bbsidebar-1&Prime;][vc_column][mk_revslider id=\u00a0\u00bbaccueil-2021&Prime;][\/vc_column][\/mk_page_section][vc_row fullwidth=\u00a0\u00bbtrue\u00a0\u00bb visibility=\u00a0\u00bbvisible-sm\u00a0\u00bb css=\u00a0\u00bb.vc_custom_1598363849418{padding-right: 0px !important;padding-left: 0px !important;}\u00a0\u00bb][vc_column css=\u00a0\u00bb.vc_custom_1598018856243{margin-top: 0px !important;margin-right: 0px !important;margin-bottom: 0px !important;margin-left: 0px !important;padding-top: 0px !important;padding-right: 0px !important;padding-bottom: 0px !important;padding-left: 0px !important;}\u00a0\u00bb][vc_empty_space height=\u00a0\u00bb25px\u00a0\u00bb][mk_revslider id=\u00a0\u00bbaccueil-mobile-2021&Prime;][\/vc_column][\/vc_row]<\/p>\n","protected":false},"author":7,"featured_media":0,"parent":0,"menu_order":0,"comment_status":"closed","ping_status":"closed","template":"","meta":{"inline_featured_image":false},"yoast_head":"<!-- This site is optimized with the Yoast SEO plugin v19.9 - https:\/\/yoast.com\/wordpress\/plugins\/seo\/ -->\n<title>Accueil - Une pand\u00e9mie sous le signe de la mobilisation et de la solidarit\u00e9<\/title>\n<meta name=\"description\" content=\"Au CRCHUM, une pand\u00e9mie de COVID-19 sous le signe de la mobilisation de la recherche, de la solidarit\u00e9 et du rayonnement international de nos \u00e9quipes.\" \/>\n<meta name=\"robots\" content=\"index, follow, max-snippet:-1, max-image-preview:large, max-video-preview:-1\" \/>\n<link rel=\"canonical\" href=\"https:\/\/rachum.ca\/crchum2021\/\" \/>\n<meta property=\"og:locale\" content=\"fr_FR\" \/>\n<meta property=\"og:type\" content=\"article\" \/>\n<meta property=\"og:title\" content=\"Accueil - Une pand\u00e9mie sous le signe de la mobilisation et de la solidarit\u00e9\" \/>\n<meta property=\"og:description\" content=\"Au CRCHUM, une pand\u00e9mie de COVID-19 sous le signe de la mobilisation de la recherche, de la solidarit\u00e9 et du rayonnement international de nos \u00e9quipes.\" \/>\n<meta property=\"og:url\" content=\"https:\/\/rachum.ca\/crchum2021\/\" \/>\n<meta property=\"og:site_name\" content=\"Une pand\u00e9mie sous le signe de la mobilisation et de la solidarit\u00e9\" \/>\n<meta property=\"article:modified_time\" content=\"2021-09-03T12:55:34+00:00\" \/>\n<meta name=\"twitter:card\" content=\"summary_large_image\" \/>\n<script type=\"application\/ld+json\" class=\"yoast-schema-graph\">{\"@context\":\"https:\/\/schema.org\",\"@graph\":[{\"@type\":\"WebPage\",\"@id\":\"https:\/\/rachum.ca\/crchum2021\/\",\"url\":\"https:\/\/rachum.ca\/crchum2021\/\",\"name\":\"Accueil - Une pand\u00e9mie sous le signe de la mobilisation et de la solidarit\u00e9\",\"isPartOf\":{\"@id\":\"https:\/\/rachum.ca\/crchum2021\/en\/#website\"},\"datePublished\":\"2021-06-30T18:22:37+00:00\",\"dateModified\":\"2021-09-03T12:55:34+00:00\",\"description\":\"Au CRCHUM, une pand\u00e9mie de COVID-19 sous le signe de la mobilisation de la recherche, de la solidarit\u00e9 et du rayonnement international de nos \u00e9quipes.\",\"breadcrumb\":{\"@id\":\"https:\/\/rachum.ca\/crchum2021\/#breadcrumb\"},\"inLanguage\":\"fr-FR\",\"potentialAction\":[{\"@type\":\"ReadAction\",\"target\":[\"https:\/\/rachum.ca\/crchum2021\/\"]}]},{\"@type\":\"BreadcrumbList\",\"@id\":\"https:\/\/rachum.ca\/crchum2021\/#breadcrumb\",\"itemListElement\":[{\"@type\":\"ListItem\",\"position\":1,\"name\":\"Accueil\",\"item\":\"https:\/\/rachum.ca\/crchum2021\/\"},{\"@type\":\"ListItem\",\"position\":2,\"name\":\"Accueil\"}]},{\"@type\":\"WebSite\",\"@id\":\"https:\/\/rachum.ca\/crchum2021\/en\/#website\",\"url\":\"https:\/\/rachum.ca\/crchum2021\/en\/\",\"name\":\"Une pand\u00e9mie sous le signe de la mobilisation et de la solidarit\u00e9\",\"description\":\"Rapport d&#039;activit\u00e9s 2020-2021\",\"potentialAction\":[{\"@type\":\"SearchAction\",\"target\":{\"@type\":\"EntryPoint\",\"urlTemplate\":\"https:\/\/rachum.ca\/crchum2021\/en\/?s={search_term_string}\"},\"query-input\":\"required name=search_term_string\"}],\"inLanguage\":\"fr-FR\"}]}<\/script>\n<!-- \/ Yoast SEO plugin. -->","yoast_head_json":{"title":"Accueil - Une pand\u00e9mie sous le signe de la mobilisation et de la solidarit\u00e9","description":"Au CRCHUM, une pand\u00e9mie de COVID-19 sous le signe de la mobilisation de la recherche, de la solidarit\u00e9 et du rayonnement international de nos \u00e9quipes.","robots":{"index":"index","follow":"follow","max-snippet":"max-snippet:-1","max-image-preview":"max-image-preview:large","max-video-preview":"max-video-preview:-1"},"canonical":"https:\/\/rachum.ca\/crchum2021\/","og_locale":"fr_FR","og_type":"article","og_title":"Accueil - Une pand\u00e9mie sous le signe de la mobilisation et de la solidarit\u00e9","og_description":"Au CRCHUM, une pand\u00e9mie de COVID-19 sous le signe de la mobilisation de la recherche, de la solidarit\u00e9 et du rayonnement international de nos \u00e9quipes.","og_url":"https:\/\/rachum.ca\/crchum2021\/","og_site_name":"Une pand\u00e9mie sous le signe de la mobilisation et de la solidarit\u00e9","article_modified_time":"2021-09-03T12:55:34+00:00","twitter_card":"summary_large_image","schema":{"@context":"https:\/\/schema.org","@graph":[{"@type":"WebPage","@id":"https:\/\/rachum.ca\/crchum2021\/","url":"https:\/\/rachum.ca\/crchum2021\/","name":"Accueil - Une pand\u00e9mie sous le signe de la mobilisation et de la solidarit\u00e9","isPartOf":{"@id":"https:\/\/rachum.ca\/crchum2021\/en\/#website"},"datePublished":"2021-06-30T18:22:37+00:00","dateModified":"2021-09-03T12:55:34+00:00","description":"Au CRCHUM, une pand\u00e9mie de COVID-19 sous le signe de la mobilisation de la recherche, de la solidarit\u00e9 et du rayonnement international de nos \u00e9quipes.","breadcrumb":{"@id":"https:\/\/rachum.ca\/crchum2021\/#breadcrumb"},"inLanguage":"fr-FR","potentialAction":[{"@type":"ReadAction","target":["https:\/\/rachum.ca\/crchum2021\/"]}]},{"@type":"BreadcrumbList","@id":"https:\/\/rachum.ca\/crchum2021\/#breadcrumb","itemListElement":[{"@type":"ListItem","position":1,"name":"Accueil","item":"https:\/\/rachum.ca\/crchum2021\/"},{"@type":"ListItem","position":2,"name":"Accueil"}]},{"@type":"WebSite","@id":"https:\/\/rachum.ca\/crchum2021\/en\/#website","url":"https:\/\/rachum.ca\/crchum2021\/en\/","name":"Une pand\u00e9mie sous le signe de la mobilisation et de la solidarit\u00e9","description":"Rapport d&#039;activit\u00e9s 2020-2021","potentialAction":[{"@type":"SearchAction","target":{"@type":"EntryPoint","urlTemplate":"https:\/\/rachum.ca\/crchum2021\/en\/?s={search_term_string}"},"query-input":"required name=search_term_string"}],"inLanguage":"fr-FR"}]}},"_links":{"self":[{"href":"https:\/\/rachum.ca\/crchum2021\/wp-json\/wp\/v2\/pages\/3349"}],"collection":[{"href":"https:\/\/rachum.ca\/crchum2021\/wp-json\/wp\/v2\/pages"}],"about":[{"href":"https:\/\/rachum.ca\/crchum2021\/wp-json\/wp\/v2\/types\/page"}],"author":[{"embeddable":true,"href":"https:\/\/rachum.ca\/crchum2021\/wp-json\/wp\/v2\/users\/7"}],"replies":[{"embeddable":true,"href":"https:\/\/rachum.ca\/crchum2021\/wp-json\/wp\/v2\/comments?post=3349"}],"version-history":[{"count":8,"href":"https:\/\/rachum.ca\/crchum2021\/wp-json\/wp\/v2\/pages\/3349\/revisions"}],"predecessor-version":[{"id":4258,"href":"https:\/\/rachum.ca\/crchum2021\/wp-json\/wp\/v2\/pages\/3349\/revisions\/4258"}],"wp:attachment":[{"href":"https:\/\/rachum.ca\/crchum2021\/wp-json\/wp\/v2\/media?parent=3349"}],"curies":[{"name":"wp","href":"https:\/\/api.w.org\/{rel}","templated":true}]}}