{"id":4018,"date":"2021-07-23T20:10:09","date_gmt":"2021-07-23T20:10:09","guid":{"rendered":"https:\/\/rachum.ca\/crchum2021\/accueil\/"},"modified":"2021-08-25T13:22:46","modified_gmt":"2021-08-25T13:22:46","slug":"accueil","status":"publish","type":"page","link":"https:\/\/rachum.ca\/crchum2021\/en\/","title":{"rendered":"Home"},"content":{"rendered":"[mk_page_section bg_color=&#8221;#ffffff&#8221; bg_position=&#8221;center center&#8221; bg_repeat=&#8221;no-repeat&#8221; bg_stretch=&#8221;true&#8221; min_height=&#8221;0&#8243; full_width=&#8221;true&#8221; padding_top=&#8221;0&#8243; padding_bottom=&#8221;0&#8243; visibility=&#8221;hidden-sm&#8221; sidebar=&#8221;sidebar-1&#8243;][vc_column][mk_revslider id=&#8221;home-2021&#8243;][\/vc_column][\/mk_page_section][vc_row fullwidth=&#8221;true&#8221; visibility=&#8221;visible-sm&#8221; css=&#8221;.vc_custom_1598363849418{padding-right: 0px !important;padding-left: 0px !important;}&#8221;][vc_column css=&#8221;.vc_custom_1598018856243{margin-top: 0px !important;margin-right: 0px !important;margin-bottom: 0px !important;margin-left: 0px !important;padding-top: 0px !important;padding-right: 0px !important;padding-bottom: 0px !important;padding-left: 0px !important;}&#8221;][vc_empty_space height=&#8221;25px&#8221;][mk_revslider id=&#8221;home-mobile-2021&#8243;][\/vc_column][\/vc_row]\n","protected":false},"excerpt":{"rendered":"<p>[mk_page_section bg_color=&#8221;#ffffff&#8221; bg_position=&#8221;center center&#8221; bg_repeat=&#8221;no-repeat&#8221; bg_stretch=&#8221;true&#8221; min_height=&#8221;0&#8243; full_width=&#8221;true&#8221; padding_top=&#8221;0&#8243; padding_bottom=&#8221;0&#8243; visibility=&#8221;hidden-sm&#8221; sidebar=&#8221;sidebar-1&#8243;][vc_column][mk_revslider id=&#8221;home-2021&#8243;][\/vc_column][\/mk_page_section][vc_row fullwidth=&#8221;true&#8221; visibility=&#8221;visible-sm&#8221; css=&#8221;.vc_custom_1598363849418{padding-right: 0px !important;padding-left: 0px !important;}&#8221;][vc_column css=&#8221;.vc_custom_1598018856243{margin-top: 0px !important;margin-right: 0px !important;margin-bottom: 0px !important;margin-left: 0px !important;padding-top: 0px !important;padding-right: 0px !important;padding-bottom: 0px !important;padding-left: 0px !important;}&#8221;][vc_empty_space height=&#8221;25px&#8221;][mk_revslider id=&#8221;home-mobile-2021&#8243;][\/vc_column][\/vc_row]<\/p>\n","protected":false},"author":7,"featured_media":0,"parent":0,"menu_order":0,"comment_status":"closed","ping_status":"closed","template":"","meta":{"inline_featured_image":false},"yoast_head":"<!-- This site is optimized with the Yoast SEO plugin v19.9 - https:\/\/yoast.com\/wordpress\/plugins\/seo\/ -->\n<title>CHUM Research Center - 2020-2021 Annual Report | Home<\/title>\n<meta name=\"description\" content=\"At the CRCHUM, a pandemic of COVID-19 under the sign of the mobilization of research, solidarity and the international influence of our teams.\" \/>\n<meta name=\"robots\" content=\"index, follow, max-snippet:-1, max-image-preview:large, max-video-preview:-1\" \/>\n<link rel=\"canonical\" href=\"https:\/\/rachum.ca\/crchum2021\/en\/\" \/>\n<meta property=\"og:locale\" content=\"en_US\" \/>\n<meta property=\"og:type\" content=\"article\" \/>\n<meta property=\"og:title\" content=\"CHUM Research Center - 2020-2021 Annual Report | Home\" \/>\n<meta property=\"og:description\" content=\"At the CRCHUM, a pandemic of COVID-19 under the sign of the mobilization of research, solidarity and the international influence of our teams.\" \/>\n<meta property=\"og:url\" content=\"https:\/\/rachum.ca\/crchum2021\/en\/\" \/>\n<meta property=\"og:site_name\" content=\"Une pand\u00e9mie sous le signe de la mobilisation et de la solidarit\u00e9\" \/>\n<meta property=\"article:modified_time\" content=\"2021-08-25T13:22:46+00:00\" \/>\n<meta name=\"twitter:card\" content=\"summary_large_image\" \/>\n<script type=\"application\/ld+json\" class=\"yoast-schema-graph\">{\"@context\":\"https:\/\/schema.org\",\"@graph\":[{\"@type\":\"WebPage\",\"@id\":\"https:\/\/rachum.ca\/crchum2021\/en\/\",\"url\":\"https:\/\/rachum.ca\/crchum2021\/en\/\",\"name\":\"CHUM Research Center - 2020-2021 Annual Report | Home\",\"isPartOf\":{\"@id\":\"https:\/\/rachum.ca\/crchum2021\/en\/#website\"},\"datePublished\":\"2021-07-23T20:10:09+00:00\",\"dateModified\":\"2021-08-25T13:22:46+00:00\",\"description\":\"At the CRCHUM, a pandemic of COVID-19 under the sign of the mobilization of research, solidarity and the international influence of our teams.\",\"breadcrumb\":{\"@id\":\"https:\/\/rachum.ca\/crchum2021\/en\/#breadcrumb\"},\"inLanguage\":\"en-US\",\"potentialAction\":[{\"@type\":\"ReadAction\",\"target\":[\"https:\/\/rachum.ca\/crchum2021\/en\/\"]}]},{\"@type\":\"BreadcrumbList\",\"@id\":\"https:\/\/rachum.ca\/crchum2021\/en\/#breadcrumb\",\"itemListElement\":[{\"@type\":\"ListItem\",\"position\":1,\"name\":\"Accueil\",\"item\":\"https:\/\/rachum.ca\/crchum2021\/en\/\"},{\"@type\":\"ListItem\",\"position\":2,\"name\":\"Home\"}]},{\"@type\":\"WebSite\",\"@id\":\"https:\/\/rachum.ca\/crchum2021\/en\/#website\",\"url\":\"https:\/\/rachum.ca\/crchum2021\/en\/\",\"name\":\"Une pand\u00e9mie sous le signe de la mobilisation et de la solidarit\u00e9\",\"description\":\"Rapport d&#039;activit\u00e9s 2020-2021\",\"potentialAction\":[{\"@type\":\"SearchAction\",\"target\":{\"@type\":\"EntryPoint\",\"urlTemplate\":\"https:\/\/rachum.ca\/crchum2021\/en\/?s={search_term_string}\"},\"query-input\":\"required name=search_term_string\"}],\"inLanguage\":\"en-US\"}]}<\/script>\n<!-- \/ Yoast SEO plugin. -->","yoast_head_json":{"title":"CHUM Research Center - 2020-2021 Annual Report | Home","description":"At the CRCHUM, a pandemic of COVID-19 under the sign of the mobilization of research, solidarity and the international influence of our teams.","robots":{"index":"index","follow":"follow","max-snippet":"max-snippet:-1","max-image-preview":"max-image-preview:large","max-video-preview":"max-video-preview:-1"},"canonical":"https:\/\/rachum.ca\/crchum2021\/en\/","og_locale":"en_US","og_type":"article","og_title":"CHUM Research Center - 2020-2021 Annual Report | Home","og_description":"At the CRCHUM, a pandemic of COVID-19 under the sign of the mobilization of research, solidarity and the international influence of our teams.","og_url":"https:\/\/rachum.ca\/crchum2021\/en\/","og_site_name":"Une pand\u00e9mie sous le signe de la mobilisation et de la solidarit\u00e9","article_modified_time":"2021-08-25T13:22:46+00:00","twitter_card":"summary_large_image","schema":{"@context":"https:\/\/schema.org","@graph":[{"@type":"WebPage","@id":"https:\/\/rachum.ca\/crchum2021\/en\/","url":"https:\/\/rachum.ca\/crchum2021\/en\/","name":"CHUM Research Center - 2020-2021 Annual Report | Home","isPartOf":{"@id":"https:\/\/rachum.ca\/crchum2021\/en\/#website"},"datePublished":"2021-07-23T20:10:09+00:00","dateModified":"2021-08-25T13:22:46+00:00","description":"At the CRCHUM, a pandemic of COVID-19 under the sign of the mobilization of research, solidarity and the international influence of our teams.","breadcrumb":{"@id":"https:\/\/rachum.ca\/crchum2021\/en\/#breadcrumb"},"inLanguage":"en-US","potentialAction":[{"@type":"ReadAction","target":["https:\/\/rachum.ca\/crchum2021\/en\/"]}]},{"@type":"BreadcrumbList","@id":"https:\/\/rachum.ca\/crchum2021\/en\/#breadcrumb","itemListElement":[{"@type":"ListItem","position":1,"name":"Accueil","item":"https:\/\/rachum.ca\/crchum2021\/en\/"},{"@type":"ListItem","position":2,"name":"Home"}]},{"@type":"WebSite","@id":"https:\/\/rachum.ca\/crchum2021\/en\/#website","url":"https:\/\/rachum.ca\/crchum2021\/en\/","name":"Une pand\u00e9mie sous le signe de la mobilisation et de la solidarit\u00e9","description":"Rapport d&#039;activit\u00e9s 2020-2021","potentialAction":[{"@type":"SearchAction","target":{"@type":"EntryPoint","urlTemplate":"https:\/\/rachum.ca\/crchum2021\/en\/?s={search_term_string}"},"query-input":"required name=search_term_string"}],"inLanguage":"en-US"}]}},"_links":{"self":[{"href":"https:\/\/rachum.ca\/crchum2021\/en\/wp-json\/wp\/v2\/pages\/4018"}],"collection":[{"href":"https:\/\/rachum.ca\/crchum2021\/en\/wp-json\/wp\/v2\/pages"}],"about":[{"href":"https:\/\/rachum.ca\/crchum2021\/en\/wp-json\/wp\/v2\/types\/page"}],"author":[{"embeddable":true,"href":"https:\/\/rachum.ca\/crchum2021\/en\/wp-json\/wp\/v2\/users\/7"}],"replies":[{"embeddable":true,"href":"https:\/\/rachum.ca\/crchum2021\/en\/wp-json\/wp\/v2\/comments?post=4018"}],"version-history":[{"count":6,"href":"https:\/\/rachum.ca\/crchum2021\/en\/wp-json\/wp\/v2\/pages\/4018\/revisions"}],"predecessor-version":[{"id":4435,"href":"https:\/\/rachum.ca\/crchum2021\/en\/wp-json\/wp\/v2\/pages\/4018\/revisions\/4435"}],"wp:attachment":[{"href":"https:\/\/rachum.ca\/crchum2021\/en\/wp-json\/wp\/v2\/media?parent=4018"}],"curies":[{"name":"wp","href":"https:\/\/api.w.org\/{rel}","templated":true}]}}