{"id":40,"date":"2019-08-08T18:24:00","date_gmt":"2019-08-08T18:24:00","guid":{"rendered":"https:\/\/rachum.ca\/crchum2019\/?page_id=40"},"modified":"2020-09-16T13:27:59","modified_gmt":"2020-09-16T13:27:59","slug":"accueil","status":"publish","type":"page","link":"https:\/\/rachum.ca\/crchum2020\/","title":{"rendered":"Accueil"},"content":{"rendered":"[mk_page_section bg_color=\u00a0\u00bb#ffffff\u00a0\u00bb bg_position=\u00a0\u00bbcenter center\u00a0\u00bb bg_repeat=\u00a0\u00bbno-repeat\u00a0\u00bb bg_stretch=\u00a0\u00bbtrue\u00a0\u00bb min_height=\u00a0\u00bb0&Prime; full_width=\u00a0\u00bbtrue\u00a0\u00bb padding_top=\u00a0\u00bb0&Prime; padding_bottom=\u00a0\u00bb0&Prime; visibility=\u00a0\u00bbhidden-sm\u00a0\u00bb sidebar=\u00a0\u00bbsidebar-1&Prime;][vc_column][mk_revslider id=\u00a0\u00bbaccueil-v2&Prime;][\/vc_column][\/mk_page_section][mk_page_section bg_color=\u00a0\u00bb#fcfcfc\u00a0\u00bb bg_position=\u00a0\u00bbcenter center\u00a0\u00bb bg_repeat=\u00a0\u00bbno-repeat\u00a0\u00bb bg_stretch=\u00a0\u00bbtrue\u00a0\u00bb min_height=\u00a0\u00bb0&Prime; full_width=\u00a0\u00bbtrue\u00a0\u00bb padding_top=\u00a0\u00bb0&Prime; padding_bottom=\u00a0\u00bb0&Prime; section_id=\u00a0\u00bbrecherche\u00a0\u00bb visibility=\u00a0\u00bbhidden-sm\u00a0\u00bb sidebar=\u00a0\u00bbsidebar-1&Prime;][vc_column width=\u00a0\u00bb1\/4&Prime; css=\u00a0\u00bb.vc_custom_1596222658642{margin-left: 0px !important;padding-left: 0px !important;}\u00a0\u00bb][vc_empty_space height=\u00a0\u00bb25px\u00a0\u00bb][mk_image src=\u00a0\u00bbhttps:\/\/rachum.ca\/crchum2020\/wp-content\/uploads\/2020\/08\/crchum-ra-bandeau-adn-gauche-420&#215;40-01.png\u00a0\u00bb image_size=\u00a0\u00bbfull\u00a0\u00bb margin_bottom=\u00a0\u00bb0&Prime; animation=\u00a0\u00bbleft-to-right\u00a0\u00bb][vc_empty_space height=\u00a0\u00bb10px\u00a0\u00bb][\/vc_column][vc_column width=\u00a0\u00bb1\/2&Prime;][vc_empty_space height=\u00a0\u00bb25px\u00a0\u00bb][vc_raw_html]JTNDZGl2JTIwc3R5bGUlM0QlMjJ0ZXh0LWFsaWduJTNBJTIwY2VudGVyJTNCJTIyJTNFJTNDaDIlMjBzdHlsZSUzRCUyMmZvbnQtd2VpZ2h0JTNBJTIwYm9sZCUzQiUyMGNvbG9yJTNBJTIwJTIzNzJiZjQ0JTNCJTIyJTNFTk9UUkUlMjBSRUNIRVJDSEUlMjZuYnNwJTNCJTNBJTIwVU4lMjBWSVNBR0UlMjAlQzMlODAlMjBTSVglMjBGQUNFVFRFUyUzQyUyRmgyJTNFJTNDJTJGZGl2JTNF[\/vc_raw_html][vc_empty_space height=\u00a0\u00bb10px\u00a0\u00bb][\/vc_column][vc_column width=\u00a0\u00bb1\/4&Prime; css=\u00a0\u00bb.vc_custom_1596222667238{margin-right: 0px !important;padding-right: 0px !important;}\u00a0\u00bb][vc_empty_space height=\u00a0\u00bb25px\u00a0\u00bb][mk_image src=\u00a0\u00bbhttps:\/\/rachum.ca\/crchum2020\/wp-content\/uploads\/2020\/08\/crchum-ra-bandeau-adn-droite-420&#215;40-01.png\u00a0\u00bb image_size=\u00a0\u00bbfull\u00a0\u00bb align=\u00a0\u00bbright\u00a0\u00bb margin_bottom=\u00a0\u00bb0&Prime; animation=\u00a0\u00bbright-to-left\u00a0\u00bb][vc_empty_space height=\u00a0\u00bb10px\u00a0\u00bb][\/vc_column][\/mk_page_section][mk_page_section bg_image=\u00a0\u00bbhttps:\/\/rachum.ca\/crchum2020\/wp-content\/uploads\/2020\/08\/background-test-2000&#215;1000-01.jpg\u00a0\u00bb bg_color=\u00a0\u00bb#ffffff\u00a0\u00bb bg_position=\u00a0\u00bbcenter center\u00a0\u00bb bg_repeat=\u00a0\u00bbno-repeat\u00a0\u00bb bg_stretch=\u00a0\u00bbtrue\u00a0\u00bb enable_3d=\u00a0\u00bbtrue\u00a0\u00bb min_height=\u00a0\u00bb0&Prime; padding_top=\u00a0\u00bb0&Prime; padding_bottom=\u00a0\u00bb0&Prime; section_id=\u00a0\u00bbrecherche\u00a0\u00bb visibility=\u00a0\u00bbhidden-sm\u00a0\u00bb sidebar=\u00a0\u00bbsidebar-1&Prime;][vc_column][vc_empty_space height=\u00a0\u00bb50px\u00a0\u00bb][vc_row_inner visibility=\u00a0\u00bbhidden-sm\u00a0\u00bb][vc_column_inner width=\u00a0\u00bb1\/3&Prime;][mk_image src=\u00a0\u00bbhttps:\/\/rachum.ca\/crchum2020\/wp-content\/uploads\/2020\/08\/axes-recherche-cancer-1000&#215;1000-01.png\u00a0\u00bb image_size=\u00a0\u00bbfull\u00a0\u00bb link=\u00a0\u00bbhttps:\/\/rachum.ca\/crchum2020\/axe-cancer\/\u00a0\u00bb title=\u00a0\u00bbCancer\u00a0\u00bb desc=\u00a0\u00bbR\u00e9jean Lapointe\u00a0\u00bb caption_location=\u00a0\u00bboutside-image\u00a0\u00bb align=\u00a0\u00bbcenter\u00a0\u00bb margin_bottom=\u00a0\u00bb0&Prime; animation=\u00a0\u00bbfade-in\u00a0\u00bb el_class=\u00a0\u00bboptions\u00a0\u00bb][vc_empty_space height=\u00a0\u00bb20px\u00a0\u00bb][mk_image src=\u00a0\u00bbhttps:\/\/rachum.ca\/crchum2020\/wp-content\/uploads\/2020\/08\/axes-recherche-immunopathologie-1000&#215;1000-01.png\u00a0\u00bb image_size=\u00a0\u00bbfull\u00a0\u00bb link=\u00a0\u00bbhttps:\/\/rachum.ca\/crchum2020\/axe-immunopathologie\/\u00a0\u00bb title=\u00a0\u00bbImmunopathologie\u00a0\u00bb desc=\u00a0\u00bbNathalie Grandvaux\u00a0\u00bb caption_location=\u00a0\u00bboutside-image\u00a0\u00bb align=\u00a0\u00bbcenter\u00a0\u00bb margin_bottom=\u00a0\u00bb0&Prime; animation=\u00a0\u00bbfade-in\u00a0\u00bb el_class=\u00a0\u00bboptions\u00a0\u00bb][\/vc_column_inner][vc_column_inner width=\u00a0\u00bb1\/3&Prime;][mk_image src=\u00a0\u00bbhttps:\/\/rachum.ca\/crchum2020\/wp-content\/uploads\/2020\/08\/axes-recherche-cardiometabolique-1000&#215;1000-01.png\u00a0\u00bb image_size=\u00a0\u00bbfull\u00a0\u00bb link=\u00a0\u00bbhttps:\/\/rachum.ca\/crchum2020\/axe-cardiometabolique\/\u00a0\u00bb title=\u00a0\u00bbCardiom\u00e9tabolique\u00a0\u00bb desc=\u00a0\u00bbThierry Alquier\u00a0\u00bb caption_location=\u00a0\u00bboutside-image\u00a0\u00bb align=\u00a0\u00bbcenter\u00a0\u00bb margin_bottom=\u00a0\u00bb0&Prime; animation=\u00a0\u00bbfade-in\u00a0\u00bb el_class=\u00a0\u00bboptions\u00a0\u00bb][vc_empty_space height=\u00a0\u00bb20px\u00a0\u00bb][mk_image src=\u00a0\u00bbhttps:\/\/rachum.ca\/crchum2020\/wp-content\/uploads\/2020\/08\/axes-recherche-imagerie-ingenierie-1000&#215;1000-01.png\u00a0\u00bb image_size=\u00a0\u00bbfull\u00a0\u00bb link=\u00a0\u00bbhttps:\/\/rachum.ca\/crchum2020\/axe-imagerie-et-ingenierie\/\u00a0\u00bb title=\u00a0\u00bbImagerie et Ing\u00e9nierie\u00a0\u00bb desc=\u00a0\u00bbJacques A. de Guise\u00a0\u00bb caption_location=\u00a0\u00bboutside-image\u00a0\u00bb align=\u00a0\u00bbcenter\u00a0\u00bb margin_bottom=\u00a0\u00bb0&Prime; animation=\u00a0\u00bbfade-in\u00a0\u00bb el_class=\u00a0\u00bboptions\u00a0\u00bb][\/vc_column_inner][vc_column_inner width=\u00a0\u00bb1\/3&Prime;][mk_image src=\u00a0\u00bbhttps:\/\/rachum.ca\/crchum2020\/wp-content\/uploads\/2020\/08\/axes-recherche-neurosciences-1000&#215;1000-01.png\u00a0\u00bb image_size=\u00a0\u00bbfull\u00a0\u00bb link=\u00a0\u00bbhttps:\/\/rachum.ca\/crchum2020\/axe-neurosciences\/\u00a0\u00bb title=\u00a0\u00bbNeurosciences\u00a0\u00bb desc=\u00a0\u00bbNathalie Arbour\u00a0\u00bb caption_location=\u00a0\u00bboutside-image\u00a0\u00bb align=\u00a0\u00bbcenter\u00a0\u00bb margin_bottom=\u00a0\u00bb0&Prime; animation=\u00a0\u00bbfade-in\u00a0\u00bb el_class=\u00a0\u00bboptions\u00a0\u00bb][vc_empty_space height=\u00a0\u00bb20px\u00a0\u00bb][mk_image src=\u00a0\u00bbhttps:\/\/rachum.ca\/crchum2020\/wp-content\/uploads\/2020\/08\/axes-recherche-carrefour-innovation-1000&#215;1000-01.png\u00a0\u00bb image_size=\u00a0\u00bbfull\u00a0\u00bb link=\u00a0\u00bbhttps:\/\/rachum.ca\/crchum2020\/axe-carrefour-de-linnovation\/\u00a0\u00bb title=\u00a0\u00bbCarrefour de l&rsquo;Innovation\u00a0\u00bb desc=\u00a0\u00bbLise Gauvin\u00a0\u00bb caption_location=\u00a0\u00bboutside-image\u00a0\u00bb align=\u00a0\u00bbcenter\u00a0\u00bb margin_bottom=\u00a0\u00bb0&Prime; animation=\u00a0\u00bbfade-in\u00a0\u00bb el_class=\u00a0\u00bboptions\u00a0\u00bb][\/vc_column_inner][\/vc_row_inner][vc_empty_space height=\u00a0\u00bb50px\u00a0\u00bb][\/vc_column][\/mk_page_section][vc_row fullwidth=\u00a0\u00bbtrue\u00a0\u00bb visibility=\u00a0\u00bbvisible-sm\u00a0\u00bb css=\u00a0\u00bb.vc_custom_1598363849418{padding-right: 0px !important;padding-left: 0px !important;}\u00a0\u00bb][vc_column css=\u00a0\u00bb.vc_custom_1598018856243{margin-top: 0px !important;margin-right: 0px !important;margin-bottom: 0px !important;margin-left: 0px !important;padding-top: 0px !important;padding-right: 0px !important;padding-bottom: 0px !important;padding-left: 0px !important;}\u00a0\u00bb][vc_empty_space height=\u00a0\u00bb25px\u00a0\u00bb][mk_revslider id=\u00a0\u00bbaccueil-mobile\u00a0\u00bb][\/vc_column][\/vc_row][vc_row fullwidth=\u00a0\u00bbtrue\u00a0\u00bb column_padding=\u00a0\u00bb7&Prime; parallax=\u00a0\u00bbcontent-moving\u00a0\u00bb parallax_image=\u00a0\u00bb1583&Prime; visibility=\u00a0\u00bbvisible-sm\u00a0\u00bb css=\u00a0\u00bb.vc_custom_1600020942086{padding-right: 7% !important;padding-left: 7% !important;}\u00a0\u00bb el_class=\u00a0\u00bbmobile-content\u00a0\u00bb id=\u00a0\u00bbrecherche-mobile\u00a0\u00bb][vc_column css=\u00a0\u00bb.vc_custom_1598370558767{margin-top: 0px !important;margin-bottom: 0px !important;padding-top: 0px !important;padding-right: 7% !important;padding-bottom: 0px !important;padding-left: 7% !important;}\u00a0\u00bb][vc_empty_space height=\u00a0\u00bb25px\u00a0\u00bb][vc_raw_html]JTNDZGl2JTIwc3R5bGUlM0QlMjJ0ZXh0LWFsaWduJTNBJTIwY2VudGVyJTNCJTIyJTNFJTBBJTNDaW1nJTIwc3JjJTNEJTIyaHR0cHMlM0ElMkYlMkZyYWNodW0uY2ElMkZjcmNodW0yMDIwJTJGd3AtY29udGVudCUyRnVwbG9hZHMlMkYyMDIwJTJGMDglMkZjcmNodW0tYmFuZGVhdS03NjV4MjAtMDEucG5nJTIyJTIwJTJGJTNFJTBBJTNDaDMlMjBzdHlsZSUzRCUyMmZvbnQtd2VpZ2h0JTNBJTIwYm9sZCUzQiUyMG1hcmdpbi10b3AlM0ElMjAxMHB4JTNCJTIwY29sb3IlM0ElMjAlMjM3MmJmNDQlM0IlMjIlM0VOT1RSRSUyMFJFQ0hFUkNIRSUyNm5ic3AlM0IlM0ElM0NiciUzRVVOJTIwVklTQUdFJTIwJUMzJTgwJTIwU0lYJTIwRkFDRVRURVMlM0MlMkZoMyUzRSUwQSUzQyUyRmRpdiUzRQ==[\/vc_raw_html][vc_empty_space height=\u00a0\u00bb25px\u00a0\u00bb][mk_image src=\u00a0\u00bbhttps:\/\/rachum.ca\/crchum2020\/wp-content\/uploads\/2020\/08\/crchum-axes-recherche-cancer-250&#215;250-01.png\u00a0\u00bb image_size=\u00a0\u00bbfull\u00a0\u00bb link=\u00a0\u00bbhttps:\/\/rachum.ca\/crchum2020\/axe-cancer\/\u00a0\u00bb title=\u00a0\u00bbCancer\u00a0\u00bb desc=\u00a0\u00bbR\u00e9jean Lapointe\u00a0\u00bb caption_location=\u00a0\u00bboutside-image\u00a0\u00bb align=\u00a0\u00bbcenter\u00a0\u00bb margin_bottom=\u00a0\u00bb0&Prime; visibility=\u00a0\u00bbvisible-sm\u00a0\u00bb animation=\u00a0\u00bbfade-in\u00a0\u00bb el_class=\u00a0\u00bboptions\u00a0\u00bb][mk_image src=\u00a0\u00bbhttps:\/\/rachum.ca\/crchum2020\/wp-content\/uploads\/2020\/08\/crchum-axes-recherche-cardiometabolique-250&#215;250-01.png\u00a0\u00bb image_size=\u00a0\u00bbfull\u00a0\u00bb link=\u00a0\u00bbhttps:\/\/rachum.ca\/crchum2020\/axe-cardiometabolique\/\u00a0\u00bb title=\u00a0\u00bbCardiom\u00e9tabolique\u00a0\u00bb desc=\u00a0\u00bbThierry Alquier\u00a0\u00bb caption_location=\u00a0\u00bboutside-image\u00a0\u00bb align=\u00a0\u00bbcenter\u00a0\u00bb margin_bottom=\u00a0\u00bb0&Prime; visibility=\u00a0\u00bbvisible-sm\u00a0\u00bb animation=\u00a0\u00bbfade-in\u00a0\u00bb el_class=\u00a0\u00bboptions\u00a0\u00bb][mk_image src=\u00a0\u00bbhttps:\/\/rachum.ca\/crchum2020\/wp-content\/uploads\/2020\/08\/crchum-axes-recherche-neurosciences-250&#215;250-01.png\u00a0\u00bb image_size=\u00a0\u00bbfull\u00a0\u00bb link=\u00a0\u00bbhttps:\/\/rachum.ca\/crchum2020\/axe-neurosciences\/\u00a0\u00bb title=\u00a0\u00bbNeurosciences\u00a0\u00bb desc=\u00a0\u00bbNathalie Arbour\u00a0\u00bb caption_location=\u00a0\u00bboutside-image\u00a0\u00bb align=\u00a0\u00bbcenter\u00a0\u00bb margin_bottom=\u00a0\u00bb0&Prime; visibility=\u00a0\u00bbvisible-sm\u00a0\u00bb animation=\u00a0\u00bbfade-in\u00a0\u00bb el_class=\u00a0\u00bboptions\u00a0\u00bb][mk_image src=\u00a0\u00bbhttps:\/\/rachum.ca\/crchum2020\/wp-content\/uploads\/2020\/08\/crchum-axes-recherche-immunopathologie-250&#215;250-01.png\u00a0\u00bb image_size=\u00a0\u00bbfull\u00a0\u00bb link=\u00a0\u00bbhttps:\/\/rachum.ca\/crchum2020\/axe-immunopathologie\/\u00a0\u00bb title=\u00a0\u00bbImmunopathologie\u00a0\u00bb desc=\u00a0\u00bbNathalie Grandvaux\u00a0\u00bb caption_location=\u00a0\u00bboutside-image\u00a0\u00bb align=\u00a0\u00bbcenter\u00a0\u00bb margin_bottom=\u00a0\u00bb0&Prime; animation=\u00a0\u00bbfade-in\u00a0\u00bb el_class=\u00a0\u00bboptions\u00a0\u00bb][mk_image src=\u00a0\u00bbhttps:\/\/rachum.ca\/crchum2020\/wp-content\/uploads\/2020\/08\/crchum-axes-recherche-imagerie-ingenierie-250&#215;250-01.png\u00a0\u00bb image_size=\u00a0\u00bbfull\u00a0\u00bb link=\u00a0\u00bbhttps:\/\/rachum.ca\/crchum2020\/axe-imagerie-et-ingenierie\/\u00a0\u00bb title=\u00a0\u00bbImagerie et Ing\u00e9nierie\u00a0\u00bb desc=\u00a0\u00bbJacques A. de Guise\u00a0\u00bb caption_location=\u00a0\u00bboutside-image\u00a0\u00bb align=\u00a0\u00bbcenter\u00a0\u00bb margin_bottom=\u00a0\u00bb0&Prime; visibility=\u00a0\u00bbvisible-sm\u00a0\u00bb animation=\u00a0\u00bbfade-in\u00a0\u00bb el_class=\u00a0\u00bboptions\u00a0\u00bb][mk_image src=\u00a0\u00bbhttps:\/\/rachum.ca\/crchum2020\/wp-content\/uploads\/2020\/08\/crchum-axes-recherche-carrefour-innovation-250&#215;250-01.png\u00a0\u00bb image_size=\u00a0\u00bbfull\u00a0\u00bb link=\u00a0\u00bbhttps:\/\/rachum.ca\/crchum2020\/axe-carrefour-de-linnovation\/\u00a0\u00bb title=\u00a0\u00bbCarrefour de l&rsquo;Innovation\u00a0\u00bb desc=\u00a0\u00bbLise Gauvin\u00a0\u00bb caption_location=\u00a0\u00bboutside-image\u00a0\u00bb align=\u00a0\u00bbcenter\u00a0\u00bb margin_bottom=\u00a0\u00bb0&Prime; visibility=\u00a0\u00bbvisible-sm\u00a0\u00bb animation=\u00a0\u00bbfade-in\u00a0\u00bb el_class=\u00a0\u00bboptions\u00a0\u00bb][vc_empty_space height=\u00a0\u00bb50px\u00a0\u00bb][\/vc_column][\/vc_row]\n","protected":false},"excerpt":{"rendered":"<p>[mk_page_section bg_color=\u00a0\u00bb#ffffff\u00a0\u00bb bg_position=\u00a0\u00bbcenter center\u00a0\u00bb bg_repeat=\u00a0\u00bbno-repeat\u00a0\u00bb bg_stretch=\u00a0\u00bbtrue\u00a0\u00bb min_height=\u00a0\u00bb0&Prime; full_width=\u00a0\u00bbtrue\u00a0\u00bb padding_top=\u00a0\u00bb0&Prime; padding_bottom=\u00a0\u00bb0&Prime; visibility=\u00a0\u00bbhidden-sm\u00a0\u00bb sidebar=\u00a0\u00bbsidebar-1&Prime;][vc_column][mk_revslider id=\u00a0\u00bbaccueil-v2&Prime;][\/vc_column][\/mk_page_section][mk_page_section bg_color=\u00a0\u00bb#fcfcfc\u00a0\u00bb bg_position=\u00a0\u00bbcenter center\u00a0\u00bb bg_repeat=\u00a0\u00bbno-repeat\u00a0\u00bb bg_stretch=\u00a0\u00bbtrue\u00a0\u00bb min_height=\u00a0\u00bb0&Prime; full_width=\u00a0\u00bbtrue\u00a0\u00bb padding_top=\u00a0\u00bb0&Prime; padding_bottom=\u00a0\u00bb0&Prime; section_id=\u00a0\u00bbrecherche\u00a0\u00bb visibility=\u00a0\u00bbhidden-sm\u00a0\u00bb sidebar=\u00a0\u00bbsidebar-1&Prime;][vc_column width=\u00a0\u00bb1\/4&Prime; css=\u00a0\u00bb.vc_custom_1596222658642{margin-left: 0px !important;padding-left: 0px !important;}\u00a0\u00bb][vc_empty_space height=\u00a0\u00bb25px\u00a0\u00bb][mk_image src=\u00a0\u00bbhttps:\/\/rachum.ca\/crchum2020\/wp-content\/uploads\/2020\/08\/crchum-ra-bandeau-adn-gauche-420&#215;40-01.png\u00a0\u00bb image_size=\u00a0\u00bbfull\u00a0\u00bb margin_bottom=\u00a0\u00bb0&Prime; animation=\u00a0\u00bbleft-to-right\u00a0\u00bb][vc_empty_space height=\u00a0\u00bb10px\u00a0\u00bb][\/vc_column][vc_column width=\u00a0\u00bb1\/2&Prime;][vc_empty_space height=\u00a0\u00bb25px\u00a0\u00bb][vc_raw_html]JTNDZGl2JTIwc3R5bGUlM0QlMjJ0ZXh0LWFsaWduJTNBJTIwY2VudGVyJTNCJTIyJTNFJTNDaDIlMjBzdHlsZSUzRCUyMmZvbnQtd2VpZ2h0JTNBJTIwYm9sZCUzQiUyMGNvbG9yJTNBJTIwJTIzNzJiZjQ0JTNCJTIyJTNFTk9UUkUlMjBSRUNIRVJDSEUlMjZuYnNwJTNCJTNBJTIwVU4lMjBWSVNBR0UlMjAlQzMlODAlMjBTSVglMjBGQUNFVFRFUyUzQyUyRmgyJTNFJTNDJTJGZGl2JTNF[\/vc_raw_html][vc_empty_space height=\u00a0\u00bb10px\u00a0\u00bb][\/vc_column][vc_column width=\u00a0\u00bb1\/4&Prime; css=\u00a0\u00bb.vc_custom_1596222667238{margin-right: 0px !important;padding-right: 0px !important;}\u00a0\u00bb][vc_empty_space height=\u00a0\u00bb25px\u00a0\u00bb][mk_image src=\u00a0\u00bbhttps:\/\/rachum.ca\/crchum2020\/wp-content\/uploads\/2020\/08\/crchum-ra-bandeau-adn-droite-420&#215;40-01.png\u00a0\u00bb image_size=\u00a0\u00bbfull\u00a0\u00bb align=\u00a0\u00bbright\u00a0\u00bb margin_bottom=\u00a0\u00bb0&Prime; animation=\u00a0\u00bbright-to-left\u00a0\u00bb][vc_empty_space height=\u00a0\u00bb10px\u00a0\u00bb][\/vc_column][\/mk_page_section][mk_page_section bg_image=\u00a0\u00bbhttps:\/\/rachum.ca\/crchum2020\/wp-content\/uploads\/2020\/08\/background-test-2000&#215;1000-01.jpg\u00a0\u00bb bg_color=\u00a0\u00bb#ffffff\u00a0\u00bb [&hellip;]<\/p>\n","protected":false},"author":1,"featured_media":0,"parent":0,"menu_order":0,"comment_status":"closed","ping_status":"closed","template":"","meta":{"inline_featured_image":false},"yoast_head":"<!-- This site is optimized with the Yoast SEO plugin v19.9 - https:\/\/yoast.com\/wordpress\/plugins\/seo\/ -->\n<title>Centre de recherche du CHUM - Rapport d&#039;activit\u00e9s 2019-2020 | Accueil<\/title>\n<meta name=\"description\" content=\"C\u00f4t\u00e9 \u00ab\u2009exceptionnel\u2009\u00bb par le FRQS, le CRCHUM d\u00e9voile une partie du rayonnement de ses \u00e9quipes de recherche sur le plan national et international.\" \/>\n<meta name=\"robots\" content=\"index, follow, max-snippet:-1, max-image-preview:large, max-video-preview:-1\" \/>\n<link rel=\"canonical\" href=\"https:\/\/rachum.ca\/crchum2020\/\" \/>\n<meta property=\"og:locale\" content=\"fr_FR\" \/>\n<meta property=\"og:type\" content=\"article\" \/>\n<meta property=\"og:title\" content=\"Centre de recherche du CHUM - Rapport d&#039;activit\u00e9s 2019-2020 | Accueil\" \/>\n<meta property=\"og:description\" content=\"C\u00f4t\u00e9 \u00ab\u2009exceptionnel\u2009\u00bb par le FRQS, le CRCHUM d\u00e9voile une partie du rayonnement de ses \u00e9quipes de recherche sur le plan national et international.\" \/>\n<meta property=\"og:url\" content=\"https:\/\/rachum.ca\/crchum2020\/\" \/>\n<meta property=\"og:site_name\" content=\"L&#039;AUDACE de chercher plus loin\" \/>\n<meta property=\"article:modified_time\" content=\"2020-09-16T13:27:59+00:00\" \/>\n<meta property=\"og:image\" content=\"https:\/\/rachum.ca\/crchum2020\/wp-content\/uploads\/2020\/09\/crchum-rapport-activites-2019-2020-facebook-fr-670x351-01.jpg\" \/>\n\t<meta property=\"og:image:width\" content=\"670\" \/>\n\t<meta property=\"og:image:height\" content=\"351\" \/>\n\t<meta property=\"og:image:type\" content=\"image\/jpeg\" \/>\n<meta name=\"twitter:card\" content=\"summary_large_image\" \/>\n<meta name=\"twitter:label1\" content=\"Dur\u00e9e de lecture estim\u00e9e\" \/>\n\t<meta name=\"twitter:data1\" content=\"5 minutes\" \/>\n<script type=\"application\/ld+json\" class=\"yoast-schema-graph\">{\"@context\":\"https:\/\/schema.org\",\"@graph\":[{\"@type\":\"WebPage\",\"@id\":\"https:\/\/rachum.ca\/crchum2020\/\",\"url\":\"https:\/\/rachum.ca\/crchum2020\/\",\"name\":\"Centre de recherche du CHUM - Rapport d'activit\u00e9s 2019-2020 | Accueil\",\"isPartOf\":{\"@id\":\"https:\/\/rachum.ca\/crchum2020\/#website\"},\"datePublished\":\"2019-08-08T18:24:00+00:00\",\"dateModified\":\"2020-09-16T13:27:59+00:00\",\"description\":\"C\u00f4t\u00e9 \u00ab\u2009exceptionnel\u2009\u00bb par le FRQS, le CRCHUM d\u00e9voile une partie du rayonnement de ses \u00e9quipes de recherche sur le plan national et international.\",\"breadcrumb\":{\"@id\":\"https:\/\/rachum.ca\/crchum2020\/#breadcrumb\"},\"inLanguage\":\"fr-FR\",\"potentialAction\":[{\"@type\":\"ReadAction\",\"target\":[\"https:\/\/rachum.ca\/crchum2020\/\"]}]},{\"@type\":\"BreadcrumbList\",\"@id\":\"https:\/\/rachum.ca\/crchum2020\/#breadcrumb\",\"itemListElement\":[{\"@type\":\"ListItem\",\"position\":1,\"name\":\"Accueil\",\"item\":\"https:\/\/rachum.ca\/crchum2020\/\"},{\"@type\":\"ListItem\",\"position\":2,\"name\":\"Accueil\"}]},{\"@type\":\"WebSite\",\"@id\":\"https:\/\/rachum.ca\/crchum2020\/#website\",\"url\":\"https:\/\/rachum.ca\/crchum2020\/\",\"name\":\"L&#039;AUDACE de chercher plus loin\",\"description\":\"Rapport d&#039;activit\u00e9s 2019-2020\",\"potentialAction\":[{\"@type\":\"SearchAction\",\"target\":{\"@type\":\"EntryPoint\",\"urlTemplate\":\"https:\/\/rachum.ca\/crchum2020\/?s={search_term_string}\"},\"query-input\":\"required name=search_term_string\"}],\"inLanguage\":\"fr-FR\"}]}<\/script>\n<!-- \/ Yoast SEO plugin. -->","yoast_head_json":{"title":"Centre de recherche du CHUM - Rapport d'activit\u00e9s 2019-2020 | Accueil","description":"C\u00f4t\u00e9 \u00ab\u2009exceptionnel\u2009\u00bb par le FRQS, le CRCHUM d\u00e9voile une partie du rayonnement de ses \u00e9quipes de recherche sur le plan national et international.","robots":{"index":"index","follow":"follow","max-snippet":"max-snippet:-1","max-image-preview":"max-image-preview:large","max-video-preview":"max-video-preview:-1"},"canonical":"https:\/\/rachum.ca\/crchum2020\/","og_locale":"fr_FR","og_type":"article","og_title":"Centre de recherche du CHUM - Rapport d'activit\u00e9s 2019-2020 | Accueil","og_description":"C\u00f4t\u00e9 \u00ab\u2009exceptionnel\u2009\u00bb par le FRQS, le CRCHUM d\u00e9voile une partie du rayonnement de ses \u00e9quipes de recherche sur le plan national et international.","og_url":"https:\/\/rachum.ca\/crchum2020\/","og_site_name":"L&#039;AUDACE de chercher plus loin","article_modified_time":"2020-09-16T13:27:59+00:00","og_image":[{"width":670,"height":351,"url":"https:\/\/rachum.ca\/crchum2020\/wp-content\/uploads\/2020\/09\/crchum-rapport-activites-2019-2020-facebook-fr-670x351-01.jpg","type":"image\/jpeg"}],"twitter_card":"summary_large_image","twitter_misc":{"Dur\u00e9e de lecture estim\u00e9e":"5 minutes"},"schema":{"@context":"https:\/\/schema.org","@graph":[{"@type":"WebPage","@id":"https:\/\/rachum.ca\/crchum2020\/","url":"https:\/\/rachum.ca\/crchum2020\/","name":"Centre de recherche du CHUM - Rapport d'activit\u00e9s 2019-2020 | Accueil","isPartOf":{"@id":"https:\/\/rachum.ca\/crchum2020\/#website"},"datePublished":"2019-08-08T18:24:00+00:00","dateModified":"2020-09-16T13:27:59+00:00","description":"C\u00f4t\u00e9 \u00ab\u2009exceptionnel\u2009\u00bb par le FRQS, le CRCHUM d\u00e9voile une partie du rayonnement de ses \u00e9quipes de recherche sur le plan national et international.","breadcrumb":{"@id":"https:\/\/rachum.ca\/crchum2020\/#breadcrumb"},"inLanguage":"fr-FR","potentialAction":[{"@type":"ReadAction","target":["https:\/\/rachum.ca\/crchum2020\/"]}]},{"@type":"BreadcrumbList","@id":"https:\/\/rachum.ca\/crchum2020\/#breadcrumb","itemListElement":[{"@type":"ListItem","position":1,"name":"Accueil","item":"https:\/\/rachum.ca\/crchum2020\/"},{"@type":"ListItem","position":2,"name":"Accueil"}]},{"@type":"WebSite","@id":"https:\/\/rachum.ca\/crchum2020\/#website","url":"https:\/\/rachum.ca\/crchum2020\/","name":"L&#039;AUDACE de chercher plus loin","description":"Rapport d&#039;activit\u00e9s 2019-2020","potentialAction":[{"@type":"SearchAction","target":{"@type":"EntryPoint","urlTemplate":"https:\/\/rachum.ca\/crchum2020\/?s={search_term_string}"},"query-input":"required name=search_term_string"}],"inLanguage":"fr-FR"}]}},"_links":{"self":[{"href":"https:\/\/rachum.ca\/crchum2020\/wp-json\/wp\/v2\/pages\/40"}],"collection":[{"href":"https:\/\/rachum.ca\/crchum2020\/wp-json\/wp\/v2\/pages"}],"about":[{"href":"https:\/\/rachum.ca\/crchum2020\/wp-json\/wp\/v2\/types\/page"}],"author":[{"embeddable":true,"href":"https:\/\/rachum.ca\/crchum2020\/wp-json\/wp\/v2\/users\/1"}],"replies":[{"embeddable":true,"href":"https:\/\/rachum.ca\/crchum2020\/wp-json\/wp\/v2\/comments?post=40"}],"version-history":[{"count":565,"href":"https:\/\/rachum.ca\/crchum2020\/wp-json\/wp\/v2\/pages\/40\/revisions"}],"predecessor-version":[{"id":2727,"href":"https:\/\/rachum.ca\/crchum2020\/wp-json\/wp\/v2\/pages\/40\/revisions\/2727"}],"wp:attachment":[{"href":"https:\/\/rachum.ca\/crchum2020\/wp-json\/wp\/v2\/media?parent=40"}],"curies":[{"name":"wp","href":"https:\/\/api.w.org\/{rel}","templated":true}]}}